{"id":89,"date":"2010-07-28T11:48:35","date_gmt":"2010-07-28T09:48:35","guid":{"rendered":"http:\/\/blog.wa-gen.de\/?page_id=89"},"modified":"2010-07-28T11:48:35","modified_gmt":"2010-07-28T09:48:35","slug":"projektstruktur","status":"publish","type":"page","link":"http:\/\/blog.wa-gen.de\/?page_id=89","title":{"rendered":"Projektstruktur"},"content":{"rendered":"<h2>Waldwissen und Naturerfahrungen auf dem Pr\u00fcfstand &#8211; Gender-Analyse in der Waldinformations-, \u00d6ffentlichkeits- und Bildungsarbeit sowie Entwicklung von Gestaltungsans\u00e4tzen<\/h2>\n<p>Das Forschungsvorhaben wa&#8217;gen befasst sich mit waldrelevanter Informations-, Bildungs- und \u00d6ffentlichkeitsarbeit von Landesforstverwaltungen und deren Organisation. Ziel ist eine Analyse des Standes und der in den aktuellen Reformprozessen stattfindenden Ver\u00e4nderungen der Geschlechterverh\u00e4ltnisse, die Identifizierung der Naturverst\u00e4ndnisse, Berufskonzeptionen und der organisationskulturellen Merkmale sowie der \u00fcber den Bereich der Waldbildung vermittelten waldwirtschaftlichen Leitbilder. Im Rahmen des Vorhabens werden Ans\u00e4tze f\u00fcr eine gendersensible Gestaltung dieses forstlichen T\u00e4tigkeitsfeldes entwickelt.\n<\/p>\n<p>\n<em>Abb. 1: Schematische Darstellung der Projektstruktur<\/em><br \/>\n<a href=\"http:\/\/www.wa-gen.de\/pix\/verbund-schema-gross.gif\" target=\"_new\"><br \/>\n<img decoding=\"async\" loading=\"lazy\" title=\"Die Projektstruktur: Zum Vergr\u00f6ssern bitte Anklicken\" src=\"http:\/\/www.wa-gen.de\/pix\/verbund-schema-klein.gif\" width=\"350\" height=\"348\" border=\"0\" alt=\"Projektstruktur\"><\/a>\n<\/p>\n<p>Das Vorhaben ist als interdisziplin\u00e4res Verbundprojekt organisiert. Die vier Forschungsprojekte verbinden umwelt-, forst- und sozialwissenschaftliche Zug\u00e4nge mit verschiedenen Sichtweisen auf den Gegenstand. Im Projekt 1 stehen die inhaltlichen Naturkonzeptionen im Mittelpunkt. Das Projekt 2 nimmt eine berufs- und professionentheoretische Perspektive ein, w\u00e4hrend in den Projekten 3a und 3b organisationssoziologisch und organisationskulturell geforscht wird. Die einzelnen Forschungsprojekte gestalten in st\u00e4ndiger Bezugnahme auf das Gesamtvorhaben ihre Ans\u00e4tze und Forschungsprozesse eigenst\u00e4ndig. Praxisakteure werden von Anfang an mit einbezogen.\n<\/p>\n<ul>\n<li>\n<p>Teilvorhaben &#8222;Reflexion von Natur- und T\u00e4tigkeitsverst\u00e4ndnissen zur Entwicklung einer gendersensiblen forstlichen Waldbildungskompetenz&#8220; (Institut f\u00fcr Umweltstrategien, Umweltplanung, Universit\u00e4t L\u00fcneburg)\n<\/p>\n<ul>\n<li>\n<p>Projekt 1: <a href=\"http:\/\/www.wa-gen.de\/tp1.html\">Konstruktionen von Natur und Geschlecht in der waldbezogenen Bildungs-, \u00d6ffentlichkeits- und Informationsarbeit von Forstverwaltungen und deren Einfluss auf waldwirtschaftliche Leitbilder<\/a>\n<\/p>\n<\/li>\n<li>\n<p>Projekt 2: <a href=\"http:\/\/www.wa-gen.de\/tp2.html\">Bildung &#8211; Profession &#8211; Geschlecht. Berufskonzeptionen und Aufgabenverst\u00e4ndnisse von Forstakteuren\/innen in der Bildungs-, \u00d6ffentlichkeits- und Informationsarbeit &#8211; Anforderungen an die Aus- und Weiterbildung<\/a>\n<\/p>\n<\/li>\n<\/ul>\n<\/li>\n<li>\n<p>Teilvorhaben &#8222;Die Forstverwaltung als M\u00e4nnerdom\u00e4ne: Entstehungs- und Bedingungskontexte einer Organisationskultur sowie M\u00f6glichkeiten f\u00fcr ihre gendersensible Umgestaltung&#8220; (Institut f\u00fcr Forstbenutzung und Forstliche Arbeitswissenschaft, Universit\u00e4t Freiburg)\n<\/p>\n<ul>\n<li>\n<p>Projekt 3a: <a href=\"http:\/\/www.wa-gen.de\/tp3a.html\">Historische Rekonstruktion der Organisationskultur von Forstverwaltungen (historische Kulturanalyse)<\/a>\n<\/p>\n<\/li>\n<li>\n<p>Projekt 3b: <a href=\"http:\/\/www.wa-gen.de\/tp3b.html\">Organisationssoziologische Wirkungsanalyse<\/a>\n<\/p>\n<\/li>\n<\/ul>\n<\/li>\n<\/ul>\n<p>Aufbauend auf einem strukturierenden Feldzugang werden die Fragestellungen der einzelnen Forschungsprojekte nach den Prinzipien der Prozess-, Gegenstands- und Problemorientierung schwerpunktm\u00e4\u00dfig mittels qualitativer sozialempirischer Methoden bearbeitet.\n<\/p>\n<div class=\"border\">\n<table bgcolor=\"white\" border=\"0\">\n<tr>\n<td valign=\"top\" colspan=2>\n<p><b>Das Verbundvorhaben wa&#8217;gen wird gef\u00f6rdert im Rahmen des BMBF-F\u00f6rderschwerpunkts &#8222;Nachhaltige Waldwirtschaft&#8220; (FKZ 0330607). Projekttr\u00e4ger: PT J\u00fclich.<\/b>\n<\/p>\n<\/td>\n<\/tr>\n<tr valign=\"bottom\" >\n<td><a href=\"http:\/\/www.bmbf.de\"><img decoding=\"async\" loading=\"lazy\" src=\"http:\/\/www.wa-gen.de\/pix\/bmbf-logo.jpg\" width=\"234\" height=\"177\" border=\"0\" alt=\"Gef\u00f6rdert vom Bundesministerium f\u00fcr Bildung und Forschung\"><\/a><\/td>\n<td><a href=\"http:\/\/www.fz-juelich.de\/ptj\/index.php\"><img decoding=\"async\" loading=\"lazy\" src=\"http:\/\/www.wa-gen.de\/pix\/pt-logo.jpg\" width=\"244\" height=\"125\" border=\"0\" alt=\"Projekttr\u00e4ger FZ J\u00fclich\"><\/a><\/td>\n<\/tr>\n<tr>\n<td colspan=2>\n<p><b>Laufzeit:<\/b> Mai 2005 bis Oktober 2008\n<\/p>\n<p><b>Ansiedlung:<\/b><br \/>\nUniversit\u00e4t L\u00fcneburg, Institut f\u00fcr Umweltstrategien, Umweltplanung<br \/>\nProf. Dr. Sabine Hofmeister<br \/>\nScharnhorststr. 1, Haus 13<br \/>\n21335 L\u00fcneburg\n<\/p>\n<p><b>Verbundkoordination:<\/b><br \/>\nDr. rer. nat. Christine Katz, Telefon +49 4131 677-2966,<br \/>\nE-Mail: waldfrauen@uni-lueneburg.de\n<\/p>\n<p><b>Ausf\u00fchrliche Information:<\/b><\/p>\n<ul>\n<li>\n<p>\n <img decoding=\"async\" src=\"http:\/\/www.wa-gen.de\/pix\/pdf.gif\"> <a href=\"http:\/\/www.wa-gen.de\/docs\/2005_verbund-kf.pdf\">http:\/\/www.wa-gen.de\/docs\/2005_verbund-kf.pdf<\/a>\n<\/p>\n<\/li>\n<\/ul>\n<p><b>Links:<\/b><\/p>\n<ul>\n<li>\n<p><a href=\"http:\/\/www.fz-juelich.de\/ptj\/waldwirtschaft\">Informationen zum F\u00f6rderschwerpunkt beim Projekttr\u00e4ger J\u00fclich<\/a><\/p>\n<\/li>\n<li>\n<p><a href=\"http:\/\/www.fz-juelich.de\/ptj\/waldwirtschaft\/projekte\">\u00dcberblick \u00fcber alle Projekte im F\u00f6rderschwerpunkt beim Projekttr\u00e4ger J\u00fclich<\/a><\/p>\n<\/li>\n<li>\n<p><a href=\"http:\/\/www.fona.de\/de\/1_forschung\/wirtschaft\/produktionssysteme\/wald_und_holzwirtschaft\/index.php\">\u00dcberblick &#8222;Nachhaltige Wald- und Holzwirtschaft&#8220; im Rahmen der Initiative &#8222;Forschung f\u00fcr Nachhaltigkeit&#8220; (fona)<\/a><\/p>\n<\/li>\n<\/ul>\n<\/td>\n<\/tr>\n<\/table>\n","protected":false},"excerpt":{"rendered":"<p>Waldwissen und Naturerfahrungen auf dem Pr\u00fcfstand &#8211; Gender-Analyse in der Waldinformations-, \u00d6ffentlichkeits- und Bildungsarbeit sowie Entwicklung von Gestaltungsans\u00e4tzen Das Forschungsvorhaben wa&#8217;gen befasst sich mit waldrelevanter Informations-, Bildungs- und \u00d6ffentlichkeitsarbeit von Landesforstverwaltungen und deren Organisation. Ziel ist eine Analyse des Standes &hellip; <a href=\"http:\/\/blog.wa-gen.de\/?page_id=89\">Weiterlesen <span class=\"meta-nav\">&rarr;<\/span><\/a><\/p>\n","protected":false},"author":1,"featured_media":0,"parent":62,"menu_order":1,"comment_status":"open","ping_status":"open","template":"","meta":[],"_links":{"self":[{"href":"http:\/\/blog.wa-gen.de\/index.php?rest_route=\/wp\/v2\/pages\/89"}],"collection":[{"href":"http:\/\/blog.wa-gen.de\/index.php?rest_route=\/wp\/v2\/pages"}],"about":[{"href":"http:\/\/blog.wa-gen.de\/index.php?rest_route=\/wp\/v2\/types\/page"}],"author":[{"embeddable":true,"href":"http:\/\/blog.wa-gen.de\/index.php?rest_route=\/wp\/v2\/users\/1"}],"replies":[{"embeddable":true,"href":"http:\/\/blog.wa-gen.de\/index.php?rest_route=%2Fwp%2Fv2%2Fcomments&post=89"}],"version-history":[{"count":1,"href":"http:\/\/blog.wa-gen.de\/index.php?rest_route=\/wp\/v2\/pages\/89\/revisions"}],"predecessor-version":[{"id":90,"href":"http:\/\/blog.wa-gen.de\/index.php?rest_route=\/wp\/v2\/pages\/89\/revisions\/90"}],"up":[{"embeddable":true,"href":"http:\/\/blog.wa-gen.de\/index.php?rest_route=\/wp\/v2\/pages\/62"}],"wp:attachment":[{"href":"http:\/\/blog.wa-gen.de\/index.php?rest_route=%2Fwp%2Fv2%2Fmedia&parent=89"}],"curies":[{"name":"wp","href":"https:\/\/api.w.org\/{rel}","templated":true}]}}