{"id":84,"date":"2010-07-28T11:46:50","date_gmt":"2010-07-28T09:46:50","guid":{"rendered":"http:\/\/blog.wa-gen.de\/?page_id=84"},"modified":"2010-11-10T14:26:07","modified_gmt":"2010-11-10T13:26:07","slug":"projektveroffentlichungen-bis-2009","status":"publish","type":"page","link":"http:\/\/blog.wa-gen.de\/?page_id=84","title":{"rendered":"Weitere Ver\u00f6ffentlichungen"},"content":{"rendered":"<p><i>Ver\u00f6ffentlichungen zu Wald, Forstwirtschaft und Gender aus dem Projekt wa&#8217;gen und Folgeprojekten. Neueste Ver\u00f6ffentlichungen stehen oben &#8211; Stand Oktober 2010.<\/i><\/p>\n<h2>2010<\/h2>\n<p><b>Schlecht, Eva-Maria; Westermayer, Till<\/b> (2010): \u00bbWaldbesitzerinnen als forstliche Zielgruppe\u00ab, in <i>AFZ\/Der Wald<\/i>, Jg. 65, H. 20, S. 10-14. <span class=\"docbox\"><a href='http:\/\/blog.wa-gen.de\/wp-content\/uploads\/2010\/11\/AFZ-2010-20_10-14.pdf'><img decoding=\"async\" loading=\"lazy\" src=\"http:\/\/www.wa-gen.de\/pix\/pdf.gif\" width=\"20\" height=\"19\" border=\"0\" alt=\"pdf\"><\/a><\/span><\/p>\n<p><b>K\u00fchnel, Astrid; Hehn, Maria; Schlecht, Eva-Maria<\/b> (2010): \u00bbDie Hannoversch-M\u00fcndener Forstpionierinnen\u00ab, in <i>Archiv f\u00fcr Forstwesen und Landschafts\u00f6kologie<\/i>, Jg. 44, H. 3, S. 116-122.<\/p>\n<p><b>Hehn, Maria; Katz, Christine; Mayer, Marion; Westermayer, Till<\/b> (Hrsg.) (2010): <i>Abschied vom gr\u00fcnen Rock. Forstverwaltungen, waldbezogene Umweltbildung und Geschlechterverh\u00e4ltnisse im Wandel.<\/i> M\u00fcnchen: oekom. <a href=\"http:\/\/blog.wa-gen.de\/?page_id=77\">Inhaltsverzeichnis und weitere Informationen.<\/a><\/p>\n<p><b>Schlecht, Eva-Maria; Westermayer, Till<\/b> (2010): <i>Pilotprojekt Gender und Mobilisierung von Holzreserven im Kleinprivatwald. Eine Befragung von Waldbesitzerinnen.<\/i> Arbeitswissenschaftlicher Forschungsbericht Nr. 11, Freiburg: Institut f\u00fcr Forstbenutzung und Forstliche Arbeitswissenschaft. <span class=\"docbox\"><a href=\"http:\/\/www.freidok.uni-freiburg.de\/volltexte\/7461\/\"><img decoding=\"async\" loading=\"lazy\" src=\"http:\/\/www.wa-gen.de\/pix\/pdf.gif\" width=\"20\" height=\"19\" border=\"0\" alt=\"pdf\"><\/a><\/span><\/p>\n<p><b>Blum, Sabine; Westermayer, Till<\/b> (2010): \u00bbArbeitszeit und Geschlecht im Reformprozess einer Landesforstverwaltung\u00ab, in <i>WSI-Mitteilungen<\/i>, Jg. 63, H. 1, S. 34-41.<\/p>\n<h2>2009<\/h2>\n<p><b>Projekt wa&#8217;gen (2009):<\/b> Poster \u00bbWaldwissen und Gender-Analyse &#8211; Forstliche Bildungsarbeit und Forstverwaltung im Blick\u00ab, 6. FONA-Tagung des BMBF, Hamburg, 9.-10.9.2009. <span class=\"docbox\"><a href=\"http:\/\/www.wa-gen.de\/docs\/2009_poster.pdf\"><img decoding=\"async\" loading=\"lazy\" src=\"http:\/\/www.wa-gen.de\/pix\/pdf.gif\" width=\"20\" height=\"19\" border=\"0\" alt=\"pdf\"><\/a><\/span><\/p>\n<p><b>Mayer, Marion; Katz, Christine; Freund, Eva; Roth, Stephanie (2009):<\/b> <i>Die Weiterbildung zum &#8218;Zertifikat Waldp\u00e4dagogik&#8216; in Sachsen-Anhalt 2007 \u2013 2008.<\/i> Werkstattbericht Umweltstrategien, Nr. 10. L\u00fcneburg: Leuphana-Universit\u00e4t.<\/p>\n<p><b>Katz, Christine; Kontzi, Kristina (2009):<\/b> \u00bbInterkulturalit\u00e4t: Kein Thema im Nachhaltigkeitsdiskurs?!\u00ab, in: <i>Politische \u00d6kologie<\/i>, Nr. 115-116, S. 86-87.<\/p>\n<p><b>Blum, Sabine; Westermayer, Till (2009):<\/b> \u00bbBefragung, Teil II: Arbeitszufriedenheit und Geschlechterverh\u00e4ltnisse\u00ab, in <i>Forstinfo<\/i>, Jg. 22, H. 1, S. 4-7.<\/p>\n<p><b>Westermayer, Till; Blum, Sabine (2009):<\/b> \u00bbErste Ergebnisse der Bedarfserhebung: Vereinbarkeit von Beruf und Familie\u00ab, in <i>AFZ\/Der Wald<\/i>, Jg. 64, H. 1, S. 34-35. <span class=\"docbox\"><a href=\"http:\/\/www.wa-gen.de\/docs\/2009_tw_sb_afz.pdf\"><img decoding=\"async\" loading=\"lazy\" src=\"http:\/\/www.wa-gen.de\/pix\/pdf.gif\" width=\"20\" height=\"19\" border=\"0\" alt=\"pdf\"><\/a><\/span><\/p>\n<p><b>Westermayer, Till (2009):<\/b> \u00bbVereinbarkeit von Beruf und Familie im Forst untersucht\u00ab, in <i>Informationen aus Forschung und Lehre<\/i>, GFH Freiburg, Nr. 23, S. 14.<\/p>\n<h2>2008<\/h2>\n<p><b>Katz, Christine (2008):<\/b> \u00bbDer Vielfalt zuliebe: Mehr Frauen in die Waldwirtschaft!\u00ab, in: <i>Umweltjournal des Umweltministeriums Rheinland-Pfalz<\/i>, H. 50\/4, S. 10-11.<\/p>\n<p><b>Westermayer, Till (2008):<\/b> <i>Gender-Aspekte im Forschungsprogramm \u00bbNachhaltige Waldwirtschaft\u00ab \u2013 eine Spurensuche.<\/i> Arbeitswissenschaftlicher Forschungsbericht Nr. 9, Freiburg: Institut f\u00fcr Forstbenutzung und Forstliche Arbeitswissenschaft. <span class=\"docbox\"><a href=\"http:\/\/www.wa-gen.de\/http:\/\/www.freidok.uni-freiburg.de\/volltexte\/6094\/\"><img decoding=\"async\" loading=\"lazy\" src=\"http:\/\/www.wa-gen.de\/pix\/pdf.gif\" width=\"20\" height=\"19\" border=\"0\" alt=\"pdf\"><\/a><\/span><\/p>\n<p><b>Westermayer, Till; Blum, Sabine (2008):<\/b> \u00bbVereinbarkeit von Beruf und Familie: Ergebnisse der Bedarfserhebung\u00ab, in <i>Forstinfo<\/i>, Jg. 21, H. 3, S. 28-30.<\/p>\n<p><b>Mayer, Marion; Katz, Christine (2008):<\/b> Neue Perspektiven f\u00fcr die waldbezogene Bildungsarbeit: Gender und Bildung f\u00fcr nachhaltige Entwicklung? In: <i>AFZ\/Der Wald<\/i>, Nr.&nbsp;19\/2008, S.&nbsp;1033-1036. <span class=\"docbox\"><a href=\"http:\/\/www.wa-gen.de\/docs\/2008_mm_nk_afz.pdf\"><img decoding=\"async\" loading=\"lazy\" src=\"http:\/\/www.wa-gen.de\/pix\/pdf.gif\" width=\"20\" height=\"19\" border=\"0\" alt=\"pdf\"><\/a><\/span><\/p>\n<p><b>Westermayer, Till; Hehn, Maria; Lewark, Siegfried (2008):<\/b> <i>Herausgeforderte Organisationen. Forstverwaltungen zwischen Arbeitsalltag und Zukunftsproblemen<\/i> Poster, Forstwissenschaftliche Tagung 2008, Freiburg, 24.-27.9.2008. <span class=\"docbox\"><a href=\"http:\/\/www.wa-gen.de\/docs\/2008_tw_mh_sl_poster_freiburg.pdf\"><img decoding=\"async\" loading=\"lazy\" src=\"http:\/\/www.wa-gen.de\/pix\/pdf.gif\" width=\"20\" height=\"19\" border=\"0\" alt=\"pdf\"><\/a><\/span><\/p>\n<p><b>Wonneberger, Eva; Westermayer, Till (2008):<\/b> <i>Expertise: Gleichstellungsbeauftragte in deutschen Forstverwaltungen in Zeiten von Reformvorhaben.<\/i> Arbeitswissenschaftlicher Forschungsbericht, Nr. 7, Freiburg: Institut f\u00fcr Forstbenutzung und Forstliche Arbeitswissenschaft. <span class=\"docbox\"><a href=\"http:\/\/www.wa-gen.de\/http:\/\/www.freidok.uni-freiburg.de\/volltexte\/5391\/\"><img decoding=\"async\" loading=\"lazy\" src=\"http:\/\/www.wa-gen.de\/pix\/pdf.gif\" width=\"20\" height=\"19\" border=\"0\" alt=\"pdf\"><\/a><\/span><\/p>\n<p><b>Westermayer, Till; Hehn, Maria (2008):<\/b> \u00bbBedarfsanalyse, Gender-Analyse &#8211; Was ist das und was soll das?\u00ab, in: <i>Forstinfo<\/i>, Jg. 21, H. 1, S. 39-40.<\/p>\n<p><b>Mayer, Marion; Katz, Christine (2008):<\/b> \u00bbGender in die Bildung! F\u00fcr eine nachhaltige Entwicklung\u00ab, in: <i>Zeitschrift f\u00fcr Nachhaltigkeit<\/i>. Heft Nr. 6. M\u00fcnster: ecotransfer-Verlag, S. 73-98.<\/p>\n<h2>2007<\/h2>\n<p><b>Hehn, Maria; Westermayer, Till (Hrsg.) (2007):<\/b> <i>Forstm\u00e4nner im finstren Walde? Zur Fremdwahrnehmung forstlicher Arbeit gestern und heute &#8211; Ergebnisse eines Lehrforschungsprojektes<\/i>. Arbeitswissenschaftliche Forschungsberichte, Nr. 6, Freiburg: Institut f\u00fcr Forstbenutzung und Forstliche Arbeitwissenschaft. <span class=\"docbox\"><a href=\"http:\/\/www.freidok.uni-freiburg.de\/volltexte\/3719\/\"><img decoding=\"async\" loading=\"lazy\" src=\"http:\/\/www.wa-gen.de\/pix\/pdf.gif\" width=\"20\" height=\"19\" border=\"0\" alt=\"pdf\"><\/a><\/span><\/p>\n<p><b>Lewark, Siegfried; Hehn, Maria; Westermayer, Till; K\u00fchnel, Astrid (2007):<\/b> \u00bbGeschlechterverh\u00e4ltnisse als Thema der Forstwissenschaft\u00ab, in <i>Freiburger Universit\u00e4tsbl\u00e4tter<\/i>, Jg. 46, Nr. 177, S. 77-87.<\/p>\n<p><b>Wonneberger, Eva; Westermayer, Till; Lewark, Siegfried (2007):<\/b> \u00bbTraditional and new occupation in rural areas based on forestry and forests \u2013 gender aspects\u00ab, in <i>News of forest history<\/i>, Bd. 38 \u00bbSocial and cultural values of forests \u2013 benefit for today&#8217;s society\u00ab, Wien: Bundesministerium f\u00fcr Land- und Forstwirtschaft, Umwelt und Wasserwirtschaft, S. 47-55. <span class=\"docbox\"><a href=\"http:\/\/www.forstnet.at\/article\/articleview\/59509\/1\/4909\"><img decoding=\"async\" loading=\"lazy\" src=\"http:\/\/www.wa-gen.de\/pix\/pdf.gif\" width=\"20\" height=\"19\" border=\"0\" alt=\"pdf\"><\/a><\/span><\/p>\n<p><b>Katz, Christine; Mayer, Marion (2007):<\/b> <i>Zum Stand der Waldp\u00e4dagogik in forstlichen Einrichtungen Deutschlands.<\/i> Manuskript, Universit\u00e4t L\u00fcneburg. [Ver\u00f6ffentlicht in der Reihe <i>Werkstattberichte Umweltstrategien<\/i>, hrsg. von<br \/>\nSabine Hofmeister &#038; Thomas Saretzki, Nr. 6, Februar 2007]. <span class=\"docbox\"><a href=\"http:\/\/www.wa-gen.de\/docs\/2007-doku-waldpaed.pdf\"><img decoding=\"async\" loading=\"lazy\" src=\"http:\/\/www.wa-gen.de\/pix\/pdf.gif\" width=\"20\" height=\"19\" border=\"0\" alt=\"pdf\"><\/a><\/span><\/p>\n<p><b>Westermayer, Till; Hehn, Maria; Lewark, Siegfried (2007):<\/b> Forstverwaltungen und Gender &ndash; ein Thema? Bericht aus dem Forschungsprojekt wa&#8217;gen. In: <i>GFH Freiburg, Informationen aus Forschung und Lehre<\/i>, Nr.&nbsp;21, Januar 2007, S.&nbsp;3-4. <span class=\"docbox\"><a href=\"http:\/\/www.wa-gen.de\/docs\/2007-tw-mh-sl-gfh.pdf\"><img decoding=\"async\" loading=\"lazy\" src=\"http:\/\/www.wa-gen.de\/pix\/pdf.gif\" width=\"20\" height=\"19\" border=\"0\" alt=\"pdf\"><\/a><\/span><\/p>\n<h2>2006<\/h2>\n<p><b>Katz, Christine; Mayer, Marion (2006):<\/b> M\u00e4nnerWeltWald \u2013 Natur- und Geschlechterkonstruktionen in Handlungsmustern von Waldakteuren\/innen. In: Aulenbacher, Brigitte et al. (Hrsg.): <i>FrauenM\u00e4nnerGeschlechterforschung. State of the Art.<\/i> Schriftenreihe der Sektion Frauen- und Geschlechterforschung in der Deutschen Gesellschaft f\u00fcr Soziologie, Band 19. M\u00fcnster, S. 241-253.<\/p>\n<p><b>Katz, Christine; Mayer, Marion (2006):<\/b> Zwischen Sachzwang und Aufbruch: Natur- und Umweltschutzorganisationen go Gender Mainstreaming!? In: Mauss, B\u00e4rbel; Petersen, Barbara (Hrsg.): <i>Das Geschlecht der Biologie.<\/i> NUT \u2013 Frauen in Naturwissenschaft und Technik e.V., Schriftenreihe, Band 11. M\u00f6ssingen-Talheim, S. 118-136.<\/p>\n<p><b>Lewark, Siegfried; Hehn, Maria; Steinert, Sandra (2006):<\/b> Forstwissenschaften. In: Becker, Ruth; Jansen-Schulz, Bettina; Kortendiek, Beate; Sch\u00e4fer, Gudrun: <i>Gender-Aspekte bei der Einf\u00fchrung und Akkreditierung gestufter Studieng\u00e4nge &#8211; eine Handreichung.<\/i> Dortmund: Koordinationsstelle Netzwerk Frauenforschung NRW, S. 124-128. <span class=\"docbox\"><a href=\"http:\/\/www.netzwerk-frauenforschung.nrw.de\/details_proj.php?id=255\">WWW<\/a><\/span><\/p>\n<p><b>Hehn, Maria; K\u00fchnel, Astrid (2006):<\/b> <i>Geschlechtsspezifische Arbeitsteilung der Nutzung von Wald: Wer entscheidet, wer entscheidet?<\/i> Vortrag im Rahmen der Ad-hoc-Gruppe &#8222;Natur und Gesellschaft in ein neues Verh\u00e4ltnis setzen: das Beispiel Wald&#8220; auf dem 33. Kongress der Deutschen Gesellschaft f\u00fcr Soziologie, 9.-13. Oktober 2006, Kassel (Vortragsfolien). <span class=\"docbox\"><a href=\"http:\/\/www.wa-gen.de\/docs\/2006_mh_dgs.pdf\"><img decoding=\"async\" loading=\"lazy\" src=\"http:\/\/www.wa-gen.de\/pix\/pdf.gif\" width=\"20\" height=\"19\" border=\"0\" alt=\"pdf\"><\/a>&nbsp;3&nbsp;MB<\/span><\/p>\n<p><b>Katz, Christine (2006)<\/b>: <i>Betreuungsfall, Lehrmeisterin oder Mitgestalterin? Zum Waldnatur- und forstlichen Professionsverst\u00e4ndnis.<\/i> Vortrag auf dem 33. Kongress der Deutschen Gesellschaft f\u00fcr Soziologie, am 10.10.2006 in Kassel. (Publikation i.V.)<\/p>\n<p><b>Hehn, Maria; Westermayer, Till; Lewark, Siegfried (2006):<\/b> Gender does matter: Studying corporate culture and the possibilities for gender-sensitive reforms in Germany&#8217;s forest services, in: <i>Forworknet Update<\/i>, June 2006, pp.&nbsp;8-10. <span class=\"docbox\"><a href=\"http:\/\/www.ilo.org\/public\/english\/dialogue\/sector\/newsletr\/forwknet\/update12.pdf\"><img decoding=\"async\" loading=\"lazy\" src=\"http:\/\/www.wa-gen.de\/pix\/pdf.gif\" width=\"20\" height=\"19\" border=\"0\" alt=\"pdf\"><\/a> external<\/span><\/p>\n<p><b>Westermayer, Till; Wonneberger, Eva (2006):<\/b> Gleichstellungsarbeit: Wo stehen die Forstverwaltungen? In: <i>AFZ\/Der Wald<\/i>, Jg. 62, H. 20, S.&nbsp;1114-1116. <span class=\"docbox\"><a href=\"http:\/\/www.wa-gen.de\/docs\/2006_tw_ew_afz.pdf\"><img decoding=\"async\" loading=\"lazy\" src=\"http:\/\/www.wa-gen.de\/pix\/pdf.gif\" width=\"20\" height=\"19\" border=\"0\" alt=\"pdf\"><\/a><\/span><\/p>\n<p><b>K\u00fchnel, Astrid (2006):<\/b> <i>Historical reconstruction of forestry education as a prerequisite for the access of women to the leading positions of state forestry in the federal state of Baden-W\u00fcrttemberg.<\/i> Poster for the Gender and Forestry Seminar, Ume\u00e5, Sweden, 2006. <span class=\"docbox\"><a href=\"http:\/\/www.wa-gen.de\/docs\/2006_ak_poster_umea.pdf\"><img decoding=\"async\" loading=\"lazy\" src=\"http:\/\/www.wa-gen.de\/pix\/pdf.gif\" width=\"20\" height=\"19\" border=\"0\" alt=\"pdf\"><\/a><\/span><\/p>\n<p><b>Karmann, Marion; Lewark, Siegfried (2006):<\/b> Gender structures in forestry organizations: Germany, in UNECE\/FAO Team of Specialists on Gender and Forestry (ed.): <i>Time for Action. Changing the Gender Situation in Forestry.<\/i> Rome: FAO, pp. 33-39.<\/p>\n<p><b>Lewark, Siegfried (2006):<\/b> Gender issues in forestry curricula &ndash; results from surveys in 2002 and 2004, in UNECE\/FAO Team of Specialists on Gender and Forestry (ed.): <i>Time for Action. Changing the Gender Situation in Forestry.<\/i> Rome: FAO, pp. 136-139.<\/p>\n<p><b>Lewark, Siegfried; Karmann, Marion (2006):<\/b> Gender studies &ndash; a new subject in forestry curricula: the University of Freiburg, Germany, in UNECE\/FAO Team of Specialists on Gender and Forestry (ed.): <i>Time for Action. Changing the Gender Situation in Forestry.<\/i> Rome: FAO, pp. 139-142.<\/p>\n<p><b>Lewark, Siegfried (2006):<\/b> Learning by doing &ndash; and a product to end with: E-learning gender course, in UNECE\/FAO Team of Specialists on Gender and Forestry (ed.): <i>Time for Action. Changing the Gender Situation in Forestry.<\/i> Rome: FAO, p. 143.<\/p>\n<p><b>Hehn, Maria; Westermayer, Till; Lewark, Siegfried (2006):<\/b> Gender does matter: studying corporate culture and the possibilities for gender-sensitive reforms in Germany&#8217;s forest services, in UNECE\/FAO Team of Specialists on Gender and Forestry (ed.): <i>Time for Action. Changing the Gender Situation in Forestry.<\/i> Rome: FAO, pp. 144-146 (shortended version of the article published in <i>Forkworknet Update<\/i>, see above).<\/p>\n<h2>2005<\/h2>\n<p><b>Lewark, Siegfried; Hehn, Maria; Westermayer, Till (2005):<\/b> <i>Pr\u00e4sentation der Freiburger Projekte im Rahmen des Institutskolloquiums am 7.12.2005<\/i>, Freiburg: Institut f\u00fcr Forstbenutzung und Forstliche Arbeitswissenschaft (Vortragsfolien). <span class=\"docbox\"><a href=\"http:\/\/www.wa-gen.de\/docs\/2005_vortrag_freiburg.pdf\"><img decoding=\"async\" loading=\"lazy\" src=\"http:\/\/www.wa-gen.de\/pix\/pdf.gif\" width=\"20\" height=\"19\" border=\"0\" alt=\"pdf 3 MB\"><\/a>&nbsp;3&nbsp;MB<\/span><\/p>\n<p><b>Hehn, Maria; Katz, Christine (2005):<\/b> Forschungsprojekt gestartet: Waldwissen aus Gender-Perspektive. In: <i>AFZ\/Der Wald<\/i>, Jg. 61, H. 19, S.&nbsp;1032. <span class=\"docbox\"><a href=\"http:\/\/www.wa-gen.de\/docs\/2005_afz.pdf\"><img decoding=\"async\" loading=\"lazy\" src=\"http:\/\/www.wa-gen.de\/pix\/pdf.gif\" width=\"20\" height=\"19\" border=\"0\" alt=\"pdf\"><\/a><\/span><\/p>\n<p><b>N.N. (2005):<\/b> Genderanalyse der forstlichen Waldbildung. Notiz in: <i>Forst &#038; Holz<\/i>, Nr. 9, September 2005, S. 397.<\/p>\n<p><b>Lewark, Siegfried; Hehn, Maria; Westermayer, Till; Wonneberger, Eva (2005):<\/b> <i>Forest services as a male domain: evaluation of corporate culture and the possibilities for gender-sensitive reforms.<\/i> Poster for the IUFRO Pre-Congress Meeting of IUFRO Unit &#8222;Gender Research in Forestry&#8220;, Australia, 2005. <span class=\"docbox\"><a href=\"http:\/\/www.wa-gen.de\/docs\/2005_poster_iufro.pdf\"><img decoding=\"async\" loading=\"lazy\" src=\"http:\/\/www.wa-gen.de\/pix\/pdf.gif\" width=\"20\" height=\"19\" border=\"0\" alt=\"pdf\"><\/a><\/span><\/p>\n<p><b>Katz, Christine (2005):<\/b> <i>Waldwissen und Naturerfahrungen auf dem Pr\u00fcfstand. Genderanalysen in der Waldinformations-, \u00d6ffentlichkeits- und Bildungsarbeit sowie Entwicklung von Gestaltungsans\u00e4tzen<\/i>, Projektvorstellung im Rahmen des KoordinatorInnen-Treffens f\u00fcr das F\u00f6rderprogramme &#8222;Nachhaltige Waldwirtschaft&#8220;, 06.07.2005, Berlin. <span class=\"docbox\"><a href=\"http:\/\/www.wa-gen.de\/docs\/2005_bmbf_koord060705.pdf\"><img decoding=\"async\" loading=\"lazy\" src=\"http:\/\/www.wa-gen.de\/pix\/pdf.gif\" width=\"20\" height=\"19\" border=\"0\" alt=\"pdf\"><\/a><\/span><\/p>\n<p><b>Katz, Christine (2005):<\/b> <i>Teilprojekt 1: Konstruktionen von Natur und Geschlecht in der waldbezogenen Bildungs-, \u00d6ffentlichkeits- und Informationsarbeit von Forstverwaltungen und deren Einfluss auf waldwirtschaftliche Leitbilder (Kurzfassung)<\/i>. Unver\u00f6ffentlichtes Arbeitspapier. <span class=\"docbox\"><a href=\"http:\/\/www.wa-gen.de\/docs\/tp1-kf.pdf\"><img decoding=\"async\" loading=\"lazy\" src=\"http:\/\/www.wa-gen.de\/pix\/pdf.gif\" width=\"20\" height=\"19\" border=\"0\" alt=\"pdf\"><\/a><\/span><\/p>\n<p><b>Mayer, Marion (2005):<\/b> <i>Teilprojekt 2: Bildung &ndash; Profession &ndash; Geschlecht. Berufskonzeptionen und Aufgabenverst\u00e4ndnisse von Forstakteuren\/innen in der Bildungs-, \u00d6ffentlichkeits- und Informationsarbeit &ndash; Anforderungen an die Aus- und Weiterbildung (Kurzfassung)<\/i>. Unver\u00f6ffentlichtes Arbeitspapier. <span class=\"docbox\"><a href=\"http:\/\/www.wa-gen.de\/docs\/tp2-kf.pdf\"><img decoding=\"async\" loading=\"lazy\" src=\"http:\/\/www.wa-gen.de\/pix\/pdf.gif\" width=\"20\" height=\"19\" border=\"0\" alt=\"pdf\"><\/a><\/span><\/p>\n<p><b>Hehn, Maria (2005):<\/b> <i>Teilprojekt 3a: Die Forstverwaltung als M\u00e4nnerdom\u00e4ne: Historische Rekonstruktion der Entstehungs- und Bedingungskontexte einer Organisationskultur (Kurzfassung)<\/i>. Unver\u00f6ffentlichtes Arbeitspapier. <span class=\"docbox\"><a href=\"http:\/\/www.wa-gen.de\/docs\/tp3a-kf.pdf\"><img decoding=\"async\" loading=\"lazy\" src=\"http:\/\/www.wa-gen.de\/pix\/pdf.gif\" width=\"20\" height=\"19\" border=\"0\" alt=\"pdf\"><\/a><\/span><\/p>\n<p><b>Wonneberger, Eva; Westermayer, Till (2005):<\/b> <i>Teilprojekt 3b: Die Forstverwaltung als M\u00e4nnerdom\u00e4ne: Organisationssoziologische Wirkungsanalyse (Kurzfassung)<\/i>. Unver\u00f6ffentlichtes Arbeitspapier. <span class=\"docbox\"><a href=\"http:\/\/www.wa-gen.de\/docs\/tp3b-kf.pdf\"><img decoding=\"async\" loading=\"lazy\" src=\"http:\/\/www.wa-gen.de\/pix\/pdf.gif\" width=\"20\" height=\"19\" border=\"0\" alt=\"pdf\"><\/a><\/span><\/p>\n<p><b>Verbund wa&#8217;gen (2005):<\/b> <i>Kurzfassung des Verbundprojektes &#8222;Waldwissen und Naturerfahrungen auf dem Pr\u00fcfstand. Gender-Analyse in der Waldbildungs-, \u00d6ffentlichkeits- und Informationsarbeit sowie Entwicklung von Gestaltungsans\u00e4tzen&#8220;<\/i>. Unver\u00f6ffentlichtes Arbeitspapier. <span class=\"docbox\"><a href=\"http:\/\/www.wa-gen.de\/docs\/2005_verbund-kf.pdf\"><img decoding=\"async\" loading=\"lazy\" src=\"http:\/\/www.wa-gen.de\/pix\/pdf.gif\" width=\"20\" height=\"19\" border=\"0\" alt=\"pdf\"><\/a><\/span><\/p>\n","protected":false},"excerpt":{"rendered":"<p>Ver\u00f6ffentlichungen zu Wald, Forstwirtschaft und Gender aus dem Projekt wa&#8217;gen und Folgeprojekten. Neueste Ver\u00f6ffentlichungen stehen oben &#8211; Stand Oktober 2010. 2010 Schlecht, Eva-Maria; Westermayer, Till (2010): \u00bbWaldbesitzerinnen als forstliche Zielgruppe\u00ab, in AFZ\/Der Wald, Jg. 65, H. 20, S. 10-14. K\u00fchnel, &hellip; <a href=\"http:\/\/blog.wa-gen.de\/?page_id=84\">Weiterlesen <span class=\"meta-nav\">&rarr;<\/span><\/a><\/p>\n","protected":false},"author":1,"featured_media":0,"parent":0,"menu_order":4,"comment_status":"open","ping_status":"open","template":"","meta":[],"_links":{"self":[{"href":"http:\/\/blog.wa-gen.de\/index.php?rest_route=\/wp\/v2\/pages\/84"}],"collection":[{"href":"http:\/\/blog.wa-gen.de\/index.php?rest_route=\/wp\/v2\/pages"}],"about":[{"href":"http:\/\/blog.wa-gen.de\/index.php?rest_route=\/wp\/v2\/types\/page"}],"author":[{"embeddable":true,"href":"http:\/\/blog.wa-gen.de\/index.php?rest_route=\/wp\/v2\/users\/1"}],"replies":[{"embeddable":true,"href":"http:\/\/blog.wa-gen.de\/index.php?rest_route=%2Fwp%2Fv2%2Fcomments&post=84"}],"version-history":[{"count":29,"href":"http:\/\/blog.wa-gen.de\/index.php?rest_route=\/wp\/v2\/pages\/84\/revisions"}],"predecessor-version":[{"id":243,"href":"http:\/\/blog.wa-gen.de\/index.php?rest_route=\/wp\/v2\/pages\/84\/revisions\/243"}],"wp:attachment":[{"href":"http:\/\/blog.wa-gen.de\/index.php?rest_route=%2Fwp%2Fv2%2Fmedia&parent=84"}],"curies":[{"name":"wp","href":"https:\/\/api.w.org\/{rel}","templated":true}]}}