{"id":77,"date":"2010-07-28T11:34:04","date_gmt":"2010-07-28T09:34:04","guid":{"rendered":"http:\/\/blog.wa-gen.de\/?page_id=77"},"modified":"2010-10-06T11:51:43","modified_gmt":"2010-10-06T09:51:43","slug":"das-buch","status":"publish","type":"page","link":"http:\/\/blog.wa-gen.de\/?page_id=77","title":{"rendered":"Das Buch"},"content":{"rendered":"<p>Das Buch zum Projekt <i>wa&#8217;gen<\/i> ist Ende August 2010 erschienen:<\/p>\n<p>Maria Hehn, Christine Katz, Marion Mayer, Till Westermayer (Hrsg.):<br \/>\n<strong>Abschied vom gr\u00fcnen Rock. Forstverwaltungen, waldbezogene Umweltbildung und Geschlechterverh\u00e4ltnisse im Wandel<\/strong>.<br \/>\nM\u00fcnchen: oekom, 230 Seiten, 34,90 Euro.<br \/>\nISBN 978-3-86581-131-8.<\/p>\n<p>N\u00e4here Informationen dazu bei <a href=\"http:\/\/www.oekom.de\/nc\/buecher\/gesamtprogramm\/buch\/abschied-vom-gruenen-rock.html\">oekom<\/a>. Das Buch kann bei <a href=\"http:\/\/www.amazon.de\/exec\/obidos\/ASIN\/3865811310\/tiwe\/\">amazon.de<\/a> bestellt werden.<\/p>\n<h3>Klappentext<\/h3>\n<p>Forstverwaltungen und ihre waldbezogene Bildungsarbeit befinden sich in Deutschland derzeit in einem Reformprozess. Unter den Vorzeichen betriebswirtschaftlicher Optimierung und der \u00d6ffnung gegen\u00fcber neuen Zielgruppen stehen alte Traditionen zur Debatte. Ist mit dem Abschied vom &#8222;gr\u00fcnen Rock&#8220; der forstlichen Uniform ein Aufbruch verbunden? Der Forschungsverbund wa&#8217;gen (Waldwissen &#038; Gender) hat im Rahmen des BMBF-Programms &#8222;Nachhaltige Waldwirtschaft&#8220; danach gefragt, wie Natur- und Geschlechterbilder im &#8222;Waldwissen&#8220; zusammenkommen, welche Herausforderungen und Chancen f\u00fcr die waldbezogene Umweltbildung damit verbunden sind, und wie Waldwissen, Organisationsreformen und die traditionelle Organisationskultur<br \/>\nder &#8222;M\u00e4nnerdom\u00e4ne Forstverwaltung&#8220; ineinander greifen.<\/p>\n<p>Aus der allen AutorInnen gemeinsamen Geschlechterperspektive heraus werden anhand von Fallbeispielen Themen wie das Naturverst\u00e4ndnis, die &#8222;unsichere&#8220; Professionalisierung der Umweltbildung, die historischen Mechanismen des Frauenausschlusses aus dem Forstdienst und die laufenden Reorganisationsprozesse beleuchtet. Damit versteht sich das vorliegende Buch als Beitrag zur Suche der Forstorganisationen nach zukunftsf\u00e4higen Antworten auf die gegenw\u00e4rtigen Umbr\u00fcche.<\/p>\n<h3>Leseprobe<\/h3>\n<p>Mit freundlicher Genehmigung des oekom-Verlags steht die <a href='http:\/\/blog.wa-gen.de\/wp-content\/uploads\/2010\/07\/kapitel-00-nina-till.pdf'>Einleitung: Abschied vom gr\u00fcnen Rock?<\/a> hier als pdf zum Download bereit.<\/p>\n<h3>Inhalt<\/h3>\n<ul>\n<li>Christine Katz, Till Westermayer: Einleitung: Abschied vom &#8222;gr\u00fcnen Rock&#8220;?<\/li>\n<li>Siegfried Lewark: Zur Entwicklung forstlicher Berufsbilder und forstwissenschaftlicher Studieng\u00e4nge in den letzten f\u00fcnfzig Jahren. Ein Essay zum Beginn<\/li>\n<li>Maria Hehn: Arbeit adelt \u2013 und Ihr bleibt b\u00fcrgerlich! Frauenausschluss aus deutschen Forstverwaltungen im Wandel der Zeit<\/li>\n<li>Christine Katz: Natur ist, was man daraus macht! Naturvorstellungen von forstlichen Akteuren in der waldbezogenen Umweltbildung<\/li>\n<li>Christine Katz, Maria Hehn: Zwischenruf I \u2013 Frauen, Bildung und Natur im Forstbereich. Oder: Von der Ausgrenzung und Abwertung von Frauen und Weiblichkeit in Forstwirtschaft, Umwelt und Wald<\/li>\n<li>Marion Mayer: Forstliche Bildungsarbeit zwischen Nische und Professionalisierung<\/li>\n<li>Till Westermayer: Staatliche Forstverwaltungen im Wandel: Organisationsreformen und Geschlecht<\/li>\n<li>Till Westermayer, Sabine Blum: Fallbeispiel: Geschlechterverh\u00e4ltnisse in einer deutschen Forstverwaltung<\/li>\n<li>Marion Mayer, Till Westermayer: Zwischenruf II \u2013 Arbeit, Geschlecht und die unsichere Professionalisierung der Umweltbildung in Forstorganisationen im Wandel<\/li>\n<li>Eva Wonneberger: Partizipative Workshops als Mittel der Geschlechterforschung<\/li>\n<li>Christine Katz, Marion Mayer: Bildung f\u00fcr nachhaltige Entwicklung als Leitkonzept f\u00fcr waldbezogene Bildungsarbeit<\/li>\n<li>Katharina Schneijderberg: Zeitpolitische Interventionen<\/li>\n<\/ul>\n","protected":false},"excerpt":{"rendered":"<p>Das Buch zum Projekt wa&#8217;gen ist Ende August 2010 erschienen: Maria Hehn, Christine Katz, Marion Mayer, Till Westermayer (Hrsg.): Abschied vom gr\u00fcnen Rock. Forstverwaltungen, waldbezogene Umweltbildung und Geschlechterverh\u00e4ltnisse im Wandel. M\u00fcnchen: oekom, 230 Seiten, 34,90 Euro. ISBN 978-3-86581-131-8. N\u00e4here Informationen &hellip; <a href=\"http:\/\/blog.wa-gen.de\/?page_id=77\">Weiterlesen <span class=\"meta-nav\">&rarr;<\/span><\/a><\/p>\n","protected":false},"author":1,"featured_media":0,"parent":0,"menu_order":4,"comment_status":"open","ping_status":"open","template":"","meta":[],"_links":{"self":[{"href":"http:\/\/blog.wa-gen.de\/index.php?rest_route=\/wp\/v2\/pages\/77"}],"collection":[{"href":"http:\/\/blog.wa-gen.de\/index.php?rest_route=\/wp\/v2\/pages"}],"about":[{"href":"http:\/\/blog.wa-gen.de\/index.php?rest_route=\/wp\/v2\/types\/page"}],"author":[{"embeddable":true,"href":"http:\/\/blog.wa-gen.de\/index.php?rest_route=\/wp\/v2\/users\/1"}],"replies":[{"embeddable":true,"href":"http:\/\/blog.wa-gen.de\/index.php?rest_route=%2Fwp%2Fv2%2Fcomments&post=77"}],"version-history":[{"count":6,"href":"http:\/\/blog.wa-gen.de\/index.php?rest_route=\/wp\/v2\/pages\/77\/revisions"}],"predecessor-version":[{"id":222,"href":"http:\/\/blog.wa-gen.de\/index.php?rest_route=\/wp\/v2\/pages\/77\/revisions\/222"}],"wp:attachment":[{"href":"http:\/\/blog.wa-gen.de\/index.php?rest_route=%2Fwp%2Fv2%2Fmedia&parent=77"}],"curies":[{"name":"wp","href":"https:\/\/api.w.org\/{rel}","templated":true}]}}