{"id":62,"date":"2010-07-28T10:40:38","date_gmt":"2010-07-28T08:40:38","guid":{"rendered":"http:\/\/blog.wa-gen.de\/?page_id=62"},"modified":"2010-07-28T16:12:14","modified_gmt":"2010-07-28T14:12:14","slug":"das-projekt-wagen","status":"publish","type":"page","link":"http:\/\/blog.wa-gen.de\/?page_id=62","title":{"rendered":"Das Projekt wa\u2019gen"},"content":{"rendered":"<p><img decoding=\"async\" src=\"http:\/\/www.wa-gen.de\/pix\/logo-wagen.gif\" class=\"alignleft\">Dieses Blog ist aus dem Projekt <i>wa&#8217;gen<\/i> (voller Titel: &#8222;Waldwissen und Naturerfahrungen auf dem Pr\u00fcfstand Gender-Analyse in der Waldinformations-, \u00d6ffentlichkeits- und Bildungsarbeit sowie Entwicklung von Gestaltungsans\u00e4tzen&#8220;) heraus entstanden. Auf dieser Seite finden sich einige Informationen zu diesem Projekt, das von 2005 bis 2008 im F\u00f6rderschwerpunkt <a href=\"http:\/\/www.nachhaltige-waldwirtschaft.de\">&#8222;Nachhaltige Waldwirtschaft&#8220;<\/a> durch das <a href=\"http:\/\/www.bmbf.de\/\">Bundesministerium f\u00fcr Bildung und Forschung<\/a> (FKZ&nbsp;0330607) gef\u00f6rdert wurde.<\/p>\n<p>Die alte Website des Projekts ist &#8211; Stand 2009 &#8211; <a href=\"http:\/\/www.wa-gen.de\/index-old.html\">hier archiviert<\/a>.<\/p>\n<hr width=\"40%\">\n<h1>Herzlich willkommen bei wa&#8217;gen!<\/h1>\n<p><img decoding=\"async\" loading=\"lazy\" class=\"alignleft\" src=\"http:\/\/www.wa-gen.de\/pix\/tw-wood-in-the-grass.jpg\" width=\"200\" height=\"200\" border=\"0\" alt=\"\"><b>wa&#8217;gen<\/b> &#8211; die Abk\u00fcrzung steht f\u00fcr <b>Wa<\/b>ld und <b>Gen<\/b>der &#8211; ist ein gemeinsames Forschungsvorhaben der beiden Universit\u00e4ten L\u00fcneburg und Freiburg. Im Mittelpunkt stehen die Geschlechterverh\u00e4ltnisse einerseits und Naturverst\u00e4ndnisse andererseits. Dabei geht es um ihre Rolle bei der Vermittlung von Waldwissen und ihre Bedeutung f\u00fcr gesellschaftliche Leitvorstellungen von Wald und seiner Bewirtschaftung. Insbesondere sind damit Institutionen der forstlichen Waldbildung und \u00d6ffentlichkeitsarbeit angesprochen.\n<\/p>\n<p>Das Forschungsvorhaben geht von vier grunds\u00e4tzlichen Fragestellungen aus:<\/p>\n<ul>\n<li>\n<p>Welchen Einfluss haben Genderaspekte und Naturverst\u00e4ndnisse auf die (und in der) forstliche(n) Waldbildungs- und \u00d6ffentlichkeitsarbeit?\n<\/p>\n<\/li>\n<li>\n<p>Welche waldbezogenen und forstwirtschaftlichen Leitbilder werden im Bereich der forstlichen Waldbildung und \u00d6ffentlichkeitsarbeit vermittelt?\n<\/p>\n<\/li>\n<li>\n<p>Wie verhalten sich Geschlechterverh\u00e4ltnisse und forstliche Leitbilder zueinander?\n<\/p>\n<\/li>\n<li>\n<p>Wie k\u00f6nnen die Geschlechterbez\u00fcge forstlicher Wissensvermittlung und forstlicher Arbeit erkannt und untersucht werden, und wie kann die forstliche Praxis und die Organisation der Forstverwaltungen f\u00fcr Genderaspekte sensibilisiert werden?\n<\/p>\n<\/li>\n<\/ul>\n","protected":false},"excerpt":{"rendered":"<p>Dieses Blog ist aus dem Projekt wa&#8217;gen (voller Titel: &#8222;Waldwissen und Naturerfahrungen auf dem Pr\u00fcfstand Gender-Analyse in der Waldinformations-, \u00d6ffentlichkeits- und Bildungsarbeit sowie Entwicklung von Gestaltungsans\u00e4tzen&#8220;) heraus entstanden. Auf dieser Seite finden sich einige Informationen zu diesem Projekt, das von &hellip; <a href=\"http:\/\/blog.wa-gen.de\/?page_id=62\">Weiterlesen <span class=\"meta-nav\">&rarr;<\/span><\/a><\/p>\n","protected":false},"author":1,"featured_media":0,"parent":0,"menu_order":5,"comment_status":"open","ping_status":"open","template":"","meta":[],"_links":{"self":[{"href":"http:\/\/blog.wa-gen.de\/index.php?rest_route=\/wp\/v2\/pages\/62"}],"collection":[{"href":"http:\/\/blog.wa-gen.de\/index.php?rest_route=\/wp\/v2\/pages"}],"about":[{"href":"http:\/\/blog.wa-gen.de\/index.php?rest_route=\/wp\/v2\/types\/page"}],"author":[{"embeddable":true,"href":"http:\/\/blog.wa-gen.de\/index.php?rest_route=\/wp\/v2\/users\/1"}],"replies":[{"embeddable":true,"href":"http:\/\/blog.wa-gen.de\/index.php?rest_route=%2Fwp%2Fv2%2Fcomments&post=62"}],"version-history":[{"count":13,"href":"http:\/\/blog.wa-gen.de\/index.php?rest_route=\/wp\/v2\/pages\/62\/revisions"}],"predecessor-version":[{"id":68,"href":"http:\/\/blog.wa-gen.de\/index.php?rest_route=\/wp\/v2\/pages\/62\/revisions\/68"}],"wp:attachment":[{"href":"http:\/\/blog.wa-gen.de\/index.php?rest_route=%2Fwp%2Fv2%2Fmedia&parent=62"}],"curies":[{"name":"wp","href":"https:\/\/api.w.org\/{rel}","templated":true}]}}